{"id":16,"date":"2013-03-28T12:28:49","date_gmt":"2013-03-28T11:28:49","guid":{"rendered":"http:\/\/location-bateaux-cannes.com\/port-du-beal\/?page_id=16"},"modified":"2026-04-07T10:58:58","modified_gmt":"2026-04-07T08:58:58","slug":"contact","status":"publish","type":"page","link":"https:\/\/location-bateaux-cannes.com\/port-du-beal\/contact\/","title":{"rendered":"CONTACT"},"content":{"rendered":"<div class=\"wpb-content-wrapper\"><p>[vc_row][vc_column][vc_column_text]<\/p>\n<h1 style=\"text-align: center;\">Nous Contacter<\/h1>\n<p>[\/vc_column_text]<div class=\"ult-spacer spacer-69e2f25f80576\" data-id=\"69e2f25f80576\" data-height=\"40\" data-height-mobile=\"50\" data-height-tab=\"40\" data-height-tab-portrait=\"40\" data-height-mobile-landscape=\"40\" style=\"clear:both;display:block;\"><\/div>[\/vc_column][\/vc_row][vc_row type=\u00a0\u00bbvc_default\u00a0\u00bb full_width=\u00a0\u00bbstretch_row_content\u00a0\u00bb css=\u00a0\u00bb.vc_custom_1675354388129{background-color: #ffffff !important;}\u00a0\u00bb][vc_column parallax=\u00a0\u00bbcontent-moving\u00a0\u00bb parallax_image=\u00a0\u00bb1347&Prime; width=\u00a0\u00bb1\/2&Prime; css=\u00a0\u00bb.vc_custom_1675354331006{padding-top: 200px !important;padding-bottom: 200px !important;}\u00a0\u00bb][\/vc_column][vc_column width=\u00a0\u00bb1\/2&Prime;][vc_column_text css=\u00a0\u00bb.vc_custom_1754061082409{margin-right: 20px !important;margin-left: 20px !important;}\u00a0\u00bb]<\/p>\n<h2 align=\"center\"><strong>Infos, Contact et r\u00e9servation<\/strong><\/h2>\n<p>&nbsp;<\/p>\n<p style=\"text-align: center;\">\u00a0L&rsquo;\u00e9quipe BoatEvasion est pr\u00e9sente pour vous accompagner tout le long de votre d\u00e9marche et de votre mise en contact.<\/p>\n<p style=\"text-align: center;\">Nous sommes aussi disponible pour n&rsquo;importe qu&rsquo;elle question. Nous souhaitons que vous passiez le moment le plus agr\u00e9able possible.<\/p>\n<p style=\"text-align: center;\">Pour toute demande de r\u00e9servation ou d&rsquo;information, que ce soit en groupe ou pour vos balades en amoureux ou en famille, n&rsquo;h\u00e9sitez pas \u00e0 nous contacter.<\/p>\n<p style=\"text-align: center;\">Appelez-nous au\u00a0<strong><a href=\"tel:+336 26 59 10 77\">+336 26 59 10 77 <\/a><\/strong>Nos conseillers sont \u00e0 votre \u00e9coute\u00a0<strong>7\/7 de 9h \u00e0 19h.<\/strong><\/p>\n<p style=\"text-align: center;\">Nous sommes aussi disponibles pour n\u2019importe quelle question.<\/p>\n<p>[\/vc_column_text][\/vc_column][\/vc_row][vc_row full_width_row=\u00a0\u00bbtrue\u00a0\u00bb][vc_column]<div class=\"ult-spacer spacer-69e2f25f80588\" data-id=\"69e2f25f80588\" data-height=\"40\" data-height-mobile=\"50\" data-height-tab=\"40\" data-height-tab-portrait=\"40\" data-height-mobile-landscape=\"40\" style=\"clear:both;display:block;\"><\/div><div class=\"dt-fancy-separator h2-size\" style=\"width: 100%;\"><div class=\"dt-fancy-title\"><span class=\"separator-holder separator-left\"><\/span>O\u00f9 sommes nous sur Cannes, Mandelieu<span class=\"separator-holder separator-right\"><\/span><\/div><\/div><div class=\"ult-spacer spacer-69e2f25f805a7\" data-id=\"69e2f25f805a7\" data-height=\"40\" data-height-mobile=\"50\" data-height-tab=\"40\" data-height-tab-portrait=\"40\" data-height-mobile-landscape=\"40\" style=\"clear:both;display:block;\"><\/div>[vc_gmaps link=\u00a0\u00bb#E-8_JTNDaWZyYW1lJTIwc3JjJTNEJTIyaHR0cHMlM0ElMkYlMkZ3d3cuZ29vZ2xlLmNvbSUyRm1hcHMlMkZlbWJlZCUzRnBiJTNEJTIxMW0xNCUyMTFtOCUyMTFtMyUyMTFkMTE1NjguODU2MDE5NjM1NzEyJTIxMmQ2Ljk1MjE1ODE0MzA0NzY3NyUyMTNkNDMuNTM5NTgwNzQ2OTc0NjklMjEzbTIlMjExaTEwMjQlMjEyaTc2OCUyMTRmMTMuMSUyMTNtMyUyMTFtMiUyMTFzMHgxMmNlODMwMjRlYTllZWU3JTI1M0EweGFmMGZlNGJlZjkwYjBjN2IlMjEyc0JPQVQlMkJFdmFzaW9uJTIxNWUwJTIxM20yJTIxMXNmciUyMTJzZnIlMjE0djE0MjY3NzczOTcwOTAlMjIlMjB3aWR0aCUzRCUyMjYwMCUyMiUyMGhlaWdodCUzRCUyMjQ1MCUyMiUyMGZyYW1lYm9yZGVyJTNEJTIyMCUyMiUyMHN0eWxlJTNEJTIyYm9yZGVyJTNBMCUyMiUzRSUzQyUyRmlmcmFtZSUzRQ==\u00a0\u00bb size=\u00a0\u00bb350&Prime;]<div class=\"ult-spacer spacer-69e2f25f805ae\" data-id=\"69e2f25f805ae\" data-height=\"70\" data-height-mobile=\"90\" data-height-tab=\"70\" data-height-tab-portrait=\"70\" data-height-mobile-landscape=\"80\" style=\"clear:both;display:block;\"><\/div>[vc_text_separator title=\u00a0\u00bbActivit\u00e9s &amp; Sports Nautiques\u00a0\u00bb color=\u00a0\u00bborange\u00a0\u00bb][vc_column_text]<\/p>\n<div class=\"wpb_text_column wpb_content_element \">\n<div class=\"wpb_wrapper\">\n<h3 style=\"text-align: center;\"><span style=\"color: #ffffff;\"><em><strong><a href=\"https:\/\/funparachute.com\">Nos activit\u00e9s et jeux nautiques au d\u00e9part de Cannes, Mandelieu<\/a><\/strong><\/em><\/span><\/h3>\n<\/div>\n<\/div>\n<p>[\/vc_column_text]<div class=\"ult-spacer spacer-69e2f25f805b5\" data-id=\"69e2f25f805b5\" data-height=\"40\" data-height-mobile=\"50\" data-height-tab=\"40\" data-height-tab-portrait=\"40\" data-height-mobile-landscape=\"40\" style=\"clear:both;display:block;\"><\/div>[\/vc_column][\/vc_row][vc_row][vc_column width=\u00a0\u00bb1\/3&Prime;][\/vc_column][vc_column width=\u00a0\u00bb1\/3&Prime;][\/vc_column][vc_column width=\u00a0\u00bb1\/3&Prime;][\/vc_column][\/vc_row][vc_row][vc_column width=\u00a0\u00bb1\/2&Prime;]<div id=\"ultimate-heading-916369e2f25f805e9\" class=\"uvc-heading ult-adjust-bottom-margin ultimate-heading-916369e2f25f805e9 uvc-2889  uvc-heading-default-font-sizes\" data-hspacer=\"line_only\"  data-halign=\"center\" style=\"text-align:center\"><div class=\"uvc-main-heading ult-responsive\"  data-ultimate-target='.uvc-heading.ultimate-heading-916369e2f25f805e9 h4'  data-responsive-json-new='{\"font-size\":\"\",\"line-height\":\"\"}' ><h4 style=\"--font-weight:theme;\">BoatEvasion<\/h4><\/div><div class=\"uvc-heading-spacer line_only\" style=\"margin-top:20px;margin-bottom:30px;height:2px;\"><span class=\"uvc-headings-line\" style=\"border-style:solid;border-bottom-width:2px;border-color:#000000;width:350px;\"><\/span><\/div><div class=\"uvc-sub-heading ult-responsive\"  data-ultimate-target='.uvc-heading.ultimate-heading-916369e2f25f805e9 .uvc-sub-heading '  data-responsive-json-new='{\"font-size\":\"\",\"line-height\":\"\"}'  style=\"font-weight:normal;\"><\/p>\n<p style=\"text-align: center;\">\u00a0Location de bateaux<br \/>\n112 Boulevard du Midi<br \/>\n06150 Cannes<\/p>\n<p style=\"text-align: center;\">FRANCE<\/p>\n<p style=\"text-align: center;\">Tel : +336 26 59 10 77<\/p>\n<p><\/div><\/div>[\/vc_column][vc_column width=\u00a0\u00bb1\/2&Prime;]<div id=\"ultimate-heading-161069e2f25f8063b\" class=\"uvc-heading ult-adjust-bottom-margin ultimate-heading-161069e2f25f8063b uvc-7349  uvc-heading-default-font-sizes\" data-hspacer=\"line_only\"  data-halign=\"center\" style=\"text-align:center\"><div class=\"uvc-main-heading ult-responsive\"  data-ultimate-target='.uvc-heading.ultimate-heading-161069e2f25f8063b h4'  data-responsive-json-new='{\"font-size\":\"\",\"line-height\":\"\"}' ><h4 style=\"--font-weight:theme;\">BoatEvasion<\/h4><\/div><div class=\"uvc-heading-spacer line_only\" style=\"margin-top:20px;margin-bottom:30px;height:2px;\"><span class=\"uvc-headings-line\" style=\"border-style:solid;border-bottom-width:2px;border-color:#000000;width:350px;\"><\/span><\/div><div class=\"uvc-sub-heading ult-responsive\"  data-ultimate-target='.uvc-heading.ultimate-heading-161069e2f25f8063b .uvc-sub-heading '  data-responsive-json-new='{\"font-size\":\"\",\"line-height\":\"\"}'  style=\"font-weight:normal;\"><\/p>\n<p style=\"text-align: center;\">Activit\u00e9s et Sports nautiques<br \/>\n110 Boulevard du Midi<br \/>\n06150 Cannes<\/p>\n<p style=\"text-align: center;\">FRANCE<\/p>\n<p style=\"text-align: center;\">Tel : +336 26 59 10 77<\/p>\n<p><\/div><\/div>[\/vc_column][\/vc_row]<\/p>\n<\/div>","protected":false},"excerpt":{"rendered":"<p>[vc_row][vc_column][vc_column_text] Nous Contacter [\/vc_column_text][\/vc_column][\/vc_row][vc_row type=\u00a0\u00bbvc_default\u00a0\u00bb full_width=\u00a0\u00bbstretch_row_content\u00a0\u00bb css=\u00a0\u00bb.vc_custom_1675354388129{background-color: #ffffff !important;}\u00a0\u00bb][vc_column parallax=\u00a0\u00bbcontent-moving\u00a0\u00bb parallax_image=\u00a0\u00bb1347&Prime; width=\u00a0\u00bb1\/2&Prime; css=\u00a0\u00bb.vc_custom_1675354331006{padding-top: 200px !important;padding-bottom: 200px !important;}\u00a0\u00bb][\/vc_column][vc_column width=\u00a0\u00bb1\/2&Prime;][vc_column_text css=\u00a0\u00bb.vc_custom_1754061082409{margin-right: 20px !important;margin-left: 20px !important;}\u00a0\u00bb] Infos, Contact et r\u00e9servation &nbsp; \u00a0L&rsquo;\u00e9quipe BoatEvasion est pr\u00e9sente pour vous accompagner tout le long de votre d\u00e9marche et de votre mise en contact. Nous sommes aussi disponible pour n&rsquo;importe qu&rsquo;elle question.&hellip;<\/p>\n","protected":false},"author":3,"featured_media":0,"parent":0,"menu_order":6,"comment_status":"closed","ping_status":"closed","template":"","meta":{"footnotes":""},"class_list":["post-16","page","type-page","status-publish","hentry","description-off"],"yoast_head":"<!-- This site is optimized with the Yoast SEO plugin v27.3 - https:\/\/yoast.com\/product\/yoast-seo-wordpress\/ -->\n<title>Contact Location Bateaux CANNES MANDELIEU | BoatEvasion<\/title>\n<meta name=\"description\" content=\"Contactez nous pour louer un bateau avec ou sans permis, faire des jeux ou sports nautiques \u00e0 Cannes, Mandelieu. BoatEvasion Cannes Mandelieu\" \/>\n<meta name=\"robots\" content=\"index, follow, max-snippet:-1, max-image-preview:large, max-video-preview:-1\" \/>\n<link rel=\"canonical\" href=\"https:\/\/location-bateaux-cannes.com\/port-du-beal\/contact\/\" \/>\n<meta property=\"og:locale\" content=\"fr_FR\" \/>\n<meta property=\"og:type\" content=\"article\" \/>\n<meta property=\"og:title\" content=\"Contact Location Bateaux CANNES MANDELIEU | BoatEvasion\" \/>\n<meta property=\"og:description\" content=\"Contactez nous pour louer un bateau avec ou sans permis, faire des jeux ou sports nautiques \u00e0 Cannes, Mandelieu. BoatEvasion Cannes Mandelieu\" \/>\n<meta property=\"og:url\" content=\"https:\/\/location-bateaux-cannes.com\/port-du-beal\/contact\/\" \/>\n<meta property=\"og:site_name\" content=\"Boat Evasion - location de bateaux\" \/>\n<meta property=\"article:modified_time\" content=\"2026-04-07T08:58:58+00:00\" \/>\n<meta property=\"og:image\" content=\"https:\/\/location-bateaux-cannes.com\/port-du-beal\/wp-content\/uploads\/2014\/05\/boatevasion2.png\" \/>\n\t<meta property=\"og:image:width\" content=\"800\" \/>\n\t<meta property=\"og:image:height\" content=\"364\" \/>\n\t<meta property=\"og:image:type\" content=\"image\/png\" \/>\n<meta name=\"twitter:card\" content=\"summary_large_image\" \/>\n<meta name=\"twitter:site\" content=\"@BoatEvasion\" \/>\n<meta name=\"twitter:label1\" content=\"Dur\u00e9e de lecture estim\u00e9e\" \/>\n\t<meta name=\"twitter:data1\" content=\"2 minutes\" \/>\n<script type=\"application\/ld+json\" class=\"yoast-schema-graph\">{\"@context\":\"https:\\\/\\\/schema.org\",\"@graph\":[{\"@type\":\"WebPage\",\"@id\":\"https:\\\/\\\/location-bateaux-cannes.com\\\/port-du-beal\\\/contact\\\/\",\"url\":\"https:\\\/\\\/location-bateaux-cannes.com\\\/port-du-beal\\\/contact\\\/\",\"name\":\"Contact Location Bateaux CANNES MANDELIEU | BoatEvasion\",\"isPartOf\":{\"@id\":\"https:\\\/\\\/location-bateaux-cannes.com\\\/port-du-beal\\\/#website\"},\"datePublished\":\"2013-03-28T11:28:49+00:00\",\"dateModified\":\"2026-04-07T08:58:58+00:00\",\"description\":\"Contactez nous pour louer un bateau avec ou sans permis, faire des jeux ou sports nautiques \u00e0 Cannes, Mandelieu. BoatEvasion Cannes Mandelieu\",\"breadcrumb\":{\"@id\":\"https:\\\/\\\/location-bateaux-cannes.com\\\/port-du-beal\\\/contact\\\/#breadcrumb\"},\"inLanguage\":\"fr-FR\",\"potentialAction\":[{\"@type\":\"ReadAction\",\"target\":[\"https:\\\/\\\/location-bateaux-cannes.com\\\/port-du-beal\\\/contact\\\/\"]}]},{\"@type\":\"BreadcrumbList\",\"@id\":\"https:\\\/\\\/location-bateaux-cannes.com\\\/port-du-beal\\\/contact\\\/#breadcrumb\",\"itemListElement\":[{\"@type\":\"ListItem\",\"position\":1,\"name\":\"Accueil\",\"item\":\"https:\\\/\\\/location-bateaux-cannes.com\\\/port-du-beal\\\/\"},{\"@type\":\"ListItem\",\"position\":2,\"name\":\"CONTACT\"}]},{\"@type\":\"WebSite\",\"@id\":\"https:\\\/\\\/location-bateaux-cannes.com\\\/port-du-beal\\\/#website\",\"url\":\"https:\\\/\\\/location-bateaux-cannes.com\\\/port-du-beal\\\/\",\"name\":\"Boat Evasion - location de bateaux\",\"description\":\"location de bateaux avec ou sans permis pr\u00e9s de cannes mandelieu,\",\"publisher\":{\"@id\":\"https:\\\/\\\/location-bateaux-cannes.com\\\/port-du-beal\\\/#organization\"},\"potentialAction\":[{\"@type\":\"SearchAction\",\"target\":{\"@type\":\"EntryPoint\",\"urlTemplate\":\"https:\\\/\\\/location-bateaux-cannes.com\\\/port-du-beal\\\/?s={search_term_string}\"},\"query-input\":{\"@type\":\"PropertyValueSpecification\",\"valueRequired\":true,\"valueName\":\"search_term_string\"}}],\"inLanguage\":\"fr-FR\"},{\"@type\":\"Organization\",\"@id\":\"https:\\\/\\\/location-bateaux-cannes.com\\\/port-du-beal\\\/#organization\",\"name\":\"Boat \u00c9vasion\",\"url\":\"https:\\\/\\\/location-bateaux-cannes.com\\\/port-du-beal\\\/\",\"logo\":{\"@type\":\"ImageObject\",\"inLanguage\":\"fr-FR\",\"@id\":\"https:\\\/\\\/location-bateaux-cannes.com\\\/port-du-beal\\\/#\\\/schema\\\/logo\\\/image\\\/\",\"url\":\"https:\\\/\\\/location-bateaux-cannes.com\\\/port-du-beal\\\/wp-content\\\/uploads\\\/2013\\\/03\\\/LogoBoatEvasion.png\",\"contentUrl\":\"https:\\\/\\\/location-bateaux-cannes.com\\\/port-du-beal\\\/wp-content\\\/uploads\\\/2013\\\/03\\\/LogoBoatEvasion.png\",\"width\":118,\"height\":48,\"caption\":\"Boat \u00c9vasion\"},\"image\":{\"@id\":\"https:\\\/\\\/location-bateaux-cannes.com\\\/port-du-beal\\\/#\\\/schema\\\/logo\\\/image\\\/\"},\"sameAs\":[\"https:\\\/\\\/x.com\\\/BoatEvasion\"]}]}<\/script>\n<!-- \/ Yoast SEO plugin. -->","yoast_head_json":{"title":"Contact Location Bateaux CANNES MANDELIEU | BoatEvasion","description":"Contactez nous pour louer un bateau avec ou sans permis, faire des jeux ou sports nautiques \u00e0 Cannes, Mandelieu. BoatEvasion Cannes Mandelieu","robots":{"index":"index","follow":"follow","max-snippet":"max-snippet:-1","max-image-preview":"max-image-preview:large","max-video-preview":"max-video-preview:-1"},"canonical":"https:\/\/location-bateaux-cannes.com\/port-du-beal\/contact\/","og_locale":"fr_FR","og_type":"article","og_title":"Contact Location Bateaux CANNES MANDELIEU | BoatEvasion","og_description":"Contactez nous pour louer un bateau avec ou sans permis, faire des jeux ou sports nautiques \u00e0 Cannes, Mandelieu. BoatEvasion Cannes Mandelieu","og_url":"https:\/\/location-bateaux-cannes.com\/port-du-beal\/contact\/","og_site_name":"Boat Evasion - location de bateaux","article_modified_time":"2026-04-07T08:58:58+00:00","og_image":[{"width":800,"height":364,"url":"https:\/\/location-bateaux-cannes.com\/port-du-beal\/wp-content\/uploads\/2014\/05\/boatevasion2.png","type":"image\/png"}],"twitter_card":"summary_large_image","twitter_site":"@BoatEvasion","twitter_misc":{"Dur\u00e9e de lecture estim\u00e9e":"2 minutes"},"schema":{"@context":"https:\/\/schema.org","@graph":[{"@type":"WebPage","@id":"https:\/\/location-bateaux-cannes.com\/port-du-beal\/contact\/","url":"https:\/\/location-bateaux-cannes.com\/port-du-beal\/contact\/","name":"Contact Location Bateaux CANNES MANDELIEU | BoatEvasion","isPartOf":{"@id":"https:\/\/location-bateaux-cannes.com\/port-du-beal\/#website"},"datePublished":"2013-03-28T11:28:49+00:00","dateModified":"2026-04-07T08:58:58+00:00","description":"Contactez nous pour louer un bateau avec ou sans permis, faire des jeux ou sports nautiques \u00e0 Cannes, Mandelieu. BoatEvasion Cannes Mandelieu","breadcrumb":{"@id":"https:\/\/location-bateaux-cannes.com\/port-du-beal\/contact\/#breadcrumb"},"inLanguage":"fr-FR","potentialAction":[{"@type":"ReadAction","target":["https:\/\/location-bateaux-cannes.com\/port-du-beal\/contact\/"]}]},{"@type":"BreadcrumbList","@id":"https:\/\/location-bateaux-cannes.com\/port-du-beal\/contact\/#breadcrumb","itemListElement":[{"@type":"ListItem","position":1,"name":"Accueil","item":"https:\/\/location-bateaux-cannes.com\/port-du-beal\/"},{"@type":"ListItem","position":2,"name":"CONTACT"}]},{"@type":"WebSite","@id":"https:\/\/location-bateaux-cannes.com\/port-du-beal\/#website","url":"https:\/\/location-bateaux-cannes.com\/port-du-beal\/","name":"Boat Evasion - location de bateaux","description":"location de bateaux avec ou sans permis pr\u00e9s de cannes mandelieu,","publisher":{"@id":"https:\/\/location-bateaux-cannes.com\/port-du-beal\/#organization"},"potentialAction":[{"@type":"SearchAction","target":{"@type":"EntryPoint","urlTemplate":"https:\/\/location-bateaux-cannes.com\/port-du-beal\/?s={search_term_string}"},"query-input":{"@type":"PropertyValueSpecification","valueRequired":true,"valueName":"search_term_string"}}],"inLanguage":"fr-FR"},{"@type":"Organization","@id":"https:\/\/location-bateaux-cannes.com\/port-du-beal\/#organization","name":"Boat \u00c9vasion","url":"https:\/\/location-bateaux-cannes.com\/port-du-beal\/","logo":{"@type":"ImageObject","inLanguage":"fr-FR","@id":"https:\/\/location-bateaux-cannes.com\/port-du-beal\/#\/schema\/logo\/image\/","url":"https:\/\/location-bateaux-cannes.com\/port-du-beal\/wp-content\/uploads\/2013\/03\/LogoBoatEvasion.png","contentUrl":"https:\/\/location-bateaux-cannes.com\/port-du-beal\/wp-content\/uploads\/2013\/03\/LogoBoatEvasion.png","width":118,"height":48,"caption":"Boat \u00c9vasion"},"image":{"@id":"https:\/\/location-bateaux-cannes.com\/port-du-beal\/#\/schema\/logo\/image\/"},"sameAs":["https:\/\/x.com\/BoatEvasion"]}]}},"_links":{"self":[{"href":"https:\/\/location-bateaux-cannes.com\/port-du-beal\/wp-json\/wp\/v2\/pages\/16","targetHints":{"allow":["GET"]}}],"collection":[{"href":"https:\/\/location-bateaux-cannes.com\/port-du-beal\/wp-json\/wp\/v2\/pages"}],"about":[{"href":"https:\/\/location-bateaux-cannes.com\/port-du-beal\/wp-json\/wp\/v2\/types\/page"}],"author":[{"embeddable":true,"href":"https:\/\/location-bateaux-cannes.com\/port-du-beal\/wp-json\/wp\/v2\/users\/3"}],"replies":[{"embeddable":true,"href":"https:\/\/location-bateaux-cannes.com\/port-du-beal\/wp-json\/wp\/v2\/comments?post=16"}],"version-history":[{"count":135,"href":"https:\/\/location-bateaux-cannes.com\/port-du-beal\/wp-json\/wp\/v2\/pages\/16\/revisions"}],"predecessor-version":[{"id":2700,"href":"https:\/\/location-bateaux-cannes.com\/port-du-beal\/wp-json\/wp\/v2\/pages\/16\/revisions\/2700"}],"wp:attachment":[{"href":"https:\/\/location-bateaux-cannes.com\/port-du-beal\/wp-json\/wp\/v2\/media?parent=16"}],"curies":[{"name":"wp","href":"https:\/\/api.w.org\/{rel}","templated":true}]}}